{"id":2034,"date":"2025-03-29T16:49:06","date_gmt":"2025-03-29T16:49:06","guid":{"rendered":"https:\/\/execor.vamtam.com\/?page_id=2034"},"modified":"2026-02-16T16:35:14","modified_gmt":"2026-02-16T16:35:14","slug":"terms-conditions","status":"publish","type":"page","link":"https:\/\/exceliabps.es\/pt\/terms-conditions\/","title":{"rendered":"Pol\u00edtica de Cookies e Seguran\u00e7a"},"content":{"rendered":"<div data-elementor-type=\"wp-page\" data-elementor-id=\"2034\" class=\"elementor elementor-2034\" data-elementor-post-type=\"page\">\n\t\t\t\t<div class=\"elementor-element elementor-element-bdb515c e-flex e-con-boxed e-con e-parent\" data-id=\"bdb515c\" data-element_type=\"container\" data-e-type=\"container\">\n\t\t\t\t\t<div class=\"e-con-inner\">\n\t\t<div class=\"elementor-element elementor-element-7b882be e-con-full e-flex e-con e-child\" data-id=\"7b882be\" data-element_type=\"container\" data-e-type=\"container\">\n\t\t\t\t<div class=\"elementor-element elementor-element-b41953f elementor-widget elementor-widget-heading\" data-id=\"b41953f\" data-element_type=\"widget\" data-e-type=\"widget\" data-widget_type=\"heading.default\">\n\t\t\t\t<div class=\"elementor-widget-container\">\n\t\t\t\t\t<h3 class=\"elementor-heading-title elementor-size-default\">Pol\u00edtica de Cookies<\/h3>\t\t\t\t<\/div>\n\t\t\t\t<\/div>\n\t\t\t\t<div class=\"vamtam-has-theme-widget-styles elementor-element elementor-element-4bb6ad0 elementor-widget elementor-widget-text-editor\" data-id=\"4bb6ad0\" data-element_type=\"widget\" data-e-type=\"widget\" data-widget_type=\"text-editor.default\">\n\t\t\t\t<div class=\"elementor-widget-container\">\n\t\t\t\t\t\t\t\t\t<p>Um cookie \u00e9 um arquivo que \u00e9 baixado para o seu computador quando voc\u00ea acessa determinados sites. Os cookies permitem que um site, entre outras coisas, armazene e recupere informa\u00e7\u00f5es sobre os h\u00e1bitos de navega\u00e7\u00e3o de um usu\u00e1rio ou sobre o seu dispositivo e, dependendo das informa\u00e7\u00f5es que cont\u00eam e de como voc\u00ea usa o seu dispositivo, podem ser usados para reconhecer o usu\u00e1rio. O navegador do usu\u00e1rio armazena cookies no disco r\u00edgido apenas durante a sess\u00e3o atual, ocupando um espa\u00e7o m\u00ednimo de mem\u00f3ria e sem prejudicar o computador. Os cookies n\u00e3o cont\u00eam nenhuma informa\u00e7\u00e3o pessoal espec\u00edfica e a maioria deles \u00e9 exclu\u00edda do disco r\u00edgido quando a sess\u00e3o do navegador termina (estes s\u00e3o chamados de cookies de sess\u00e3o).<\/p><p>A maioria dos navegadores aceita cookies por padr\u00e3o e, independentemente disso, permite ou impede cookies tempor\u00e1rios ou armazenados nas configura\u00e7\u00f5es de seguran\u00e7a.<\/p><p>Sem o seu consentimento expresso, ao ativar os cookies no seu navegador, n\u00e3o associaremos os dados armazenados nos cookies aos seus dados.<\/p><h5>Que tipos de cookies este site utiliza?<\/h5><ul><li><span style=\"color: #035246;\"><strong>Cookies t\u00e9cnicos:\u00a0<\/strong><\/span>Esses s\u00e3o cookies que permitem ao usu\u00e1rio navegar por um site, plataforma ou aplicativo e usar as diferentes op\u00e7\u00f5es ou servi\u00e7os existentes, como controlar o tr\u00e1fego e a comunica\u00e7\u00e3o de dados, identificar a sess\u00e3o, acessar \u00e1reas restritas, lembrar os itens de um pedido, concluir o processo de compra, inscrever-se ou participar de um evento, usar recursos de seguran\u00e7a durante a navega\u00e7\u00e3o, armazenar conte\u00fado para reprodu\u00e7\u00e3o de v\u00eddeo ou \u00e1udio ou compartilhar conte\u00fado por meio de redes sociais.<\/li><li><strong><span style=\"color: #035246;\">Cookies de personaliza\u00e7\u00e3o:<\/span><\/strong>\u00a0S\u00e3o aquelas que permitem ao usu\u00e1rio acessar o servi\u00e7o com algumas caracter\u00edsticas gerais predefinidas com base em uma s\u00e9rie de crit\u00e9rios no terminal do usu\u00e1rio, como idioma, tipo de navegador pelo qual o servi\u00e7o \u00e9 acessado, configura\u00e7\u00e3o regional a partir da qual o servi\u00e7o \u00e9 acessado, etc.<\/li><li><strong><span style=\"color: #035246;\">Cookies anal\u00edticos:<\/span><\/strong>\u00a0Esses s\u00e3o cookies que, quando processados corretamente por n\u00f3s ou por terceiros, nos permitem quantificar o n\u00famero de usu\u00e1rios e, assim, realizar an\u00e1lises estat\u00edsticas sobre como os usu\u00e1rios utilizam o servi\u00e7o oferecido. Isso envolve analisar a atividade de navega\u00e7\u00e3o deles em nosso site para melhorar os produtos ou servi\u00e7os que oferecemos.<\/li><li><strong><span style=\"color: #035246;\">Cookies de terceiros:<\/span><\/strong>\u00a0O site www.excelia.com pode utilizar servi\u00e7os de terceiros que, em nome do Google Analytics, coletar\u00e3o informa\u00e7\u00f5es para fins estat\u00edsticos, referentes ao uso do site pelos usu\u00e1rios e para a presta\u00e7\u00e3o de outros servi\u00e7os relacionados \u00e0 atividade do site e outros servi\u00e7os de internet.<\/li><\/ul><p>Em particular, este site utiliza o Google Analytics, um servi\u00e7o de an\u00e1lise da web fornecido pela Google, Inc., com sede nos Estados Unidos, no endere\u00e7o 1600 Amphitheatre Parkway, Mountain View, Calif\u00f3rnia 94043. Para fornecer esses servi\u00e7os, o Google Analytics utiliza cookies que coletam informa\u00e7\u00f5es, incluindo o endere\u00e7o IP do usu\u00e1rio, que ser\u00e3o transmitidas, processadas e armazenadas pelo Google de acordo com os termos estabelecidos em Google.com. Isso inclui a poss\u00edvel transfer\u00eancia dessas informa\u00e7\u00f5es a terceiros quando exigido por lei ou quando esses terceiros processarem as informa\u00e7\u00f5es em nome do Google.<\/p><p>Ao utilizar este Site, o Usu\u00e1rio consente expressamente com o processamento das informa\u00e7\u00f5es coletadas da maneira e para os fins descritos acima. O Usu\u00e1rio tamb\u00e9m reconhece a op\u00e7\u00e3o de recusar o processamento de tais dados ou informa\u00e7\u00f5es, rejeitando o uso de cookies por meio das configura\u00e7\u00f5es apropriadas em seu navegador. No entanto, o bloqueio de cookies no navegador pode impedir o Usu\u00e1rio de utilizar plenamente todos os recursos do Site.<\/p><p>Voc\u00ea pode permitir, bloquear ou excluir cookies instalados em seu computador configurando as op\u00e7\u00f5es do navegador instalado em seu computador:<\/p><ul><li><span style=\"color: #000000;\">Cromo<\/span><\/li><li><span style=\"color: #000000;\">Explorador<\/span><\/li><li><span style=\"color: #000000;\">Firefox<\/span><\/li><li><span style=\"color: #000000;\">Saf\u00e1ri<\/span><\/li><\/ul><p>Se tiver alguma d\u00favida sobre esta pol\u00edtica de cookies, pode entrar em contato conosco.<span style=\"color: #035246;\">\u00a0<a style=\"color: #035246;\" href=\"mailto:info@excelia.com\">info@excelia.com<\/a>.<\/span><\/p>\t\t\t\t\t\t\t\t<\/div>\n\t\t\t\t<\/div>\n\t\t\t\t<div class=\"elementor-element elementor-element-3650319 elementor-widget elementor-widget-heading\" data-id=\"3650319\" data-element_type=\"widget\" data-e-type=\"widget\" data-widget_type=\"heading.default\">\n\t\t\t\t<div class=\"elementor-widget-container\">\n\t\t\t\t\t<h3 class=\"elementor-heading-title elementor-size-default\">Pol\u00edtica de seguran\u00e7a<\/h3>\t\t\t\t<\/div>\n\t\t\t\t<\/div>\n\t\t\t\t<div class=\"vamtam-has-theme-widget-styles elementor-element elementor-element-d4493f5 elementor-widget elementor-widget-text-editor\" data-id=\"d4493f5\" data-element_type=\"widget\" data-e-type=\"widget\" data-widget_type=\"text-editor.default\">\n\t\t\t\t<div class=\"elementor-widget-container\">\n\t\t\t\t\t\t\t\t\t<p>Informamos nossos stakeholders sobre a exist\u00eancia de Diretrizes de Seguran\u00e7a da Informa\u00e7\u00e3o estabelecidas em nossa organiza\u00e7\u00e3o para demonstrar o compromisso da Excelia em proteger e garantir os princ\u00edpios de confidencialidade, integridade e disponibilidade das informa\u00e7\u00f5es tratadas dentro da organiza\u00e7\u00e3o.<\/p><p>Operamos sob um Sistema de Gest\u00e3o de Seguran\u00e7a da Informa\u00e7\u00e3o, cujo escopo n\u00e3o se limita ao uso de ativos, mas se estende a todos os indiv\u00edduos e terceiros, no que diz respeito ao conhecimento e \u00e0 conformidade com estas Diretrizes, estruturadas de acordo com a norma ISO\/IEC 27001:2013. Tanto a Pol\u00edtica de Seguran\u00e7a da Informa\u00e7\u00e3o quanto as Diretrizes est\u00e3o em conformidade com o Regulamento Geral de Prote\u00e7\u00e3o de Dados (RGPD).<\/p><p>Esta norma de seguran\u00e7a afeta as seguintes \u00e1reas da Organiza\u00e7\u00e3o:<\/p><ul><li><span style=\"color: #035246;\"><b>Acesso \u00e0s instala\u00e7\u00f5es.<\/b><\/span>\u00a0Nela s\u00e3o regulamentadas as regras de acesso, com men\u00e7\u00e3o especial ao acesso a \u00e1reas seguras e \u00e0 regulamenta\u00e7\u00e3o do acesso de pessoas externas \u00e0 organiza\u00e7\u00e3o.<\/li><li><span style=\"color: #035246;\"><b>Acesso \u00e0 rede corporativa.<\/b><\/span>\u00a0Os recursos corporativos s\u00e3o protegidos com as medidas de seguran\u00e7a t\u00e9cnicas necess\u00e1rias para garantir a prote\u00e7\u00e3o das informa\u00e7\u00f5es, estejam elas armazenadas no local ou externamente. O acesso e o uso das informa\u00e7\u00f5es s\u00e3o regidos por protocolos de seguran\u00e7a, com aten\u00e7\u00e3o especial aos dados sens\u00edveis ou confidenciais.<\/li><li><span style=\"color: #035246;\"><b>Utiliza\u00e7\u00e3o de ativos.<\/b><\/span>\u00a0Os funcion\u00e1rios da Excelia est\u00e3o comprometidos em usar e cuidar dos equipamentos fornecidos pela organiza\u00e7\u00e3o para o desempenho de suas fun\u00e7\u00f5es e tarefas de forma respons\u00e1vel. Para isso, s\u00e3o definidos procedimentos operacionais e implementadas configura\u00e7\u00f5es para proteger as informa\u00e7\u00f5es armazenadas nesses dispositivos.<\/li><li><span style=\"color: #035246;\"><b>Uso da internet.<\/b><\/span>\u00a0\u00c9 dada especial aten\u00e7\u00e3o \u00e0 regulamenta\u00e7\u00e3o do uso da internet, do e-mail e do armazenamento em nuvem para fins profissionais, a fim de minimizar os riscos que possam surgir do uso n\u00e3o regulamentado dessas ferramentas.<\/li><li><span style=\"color: #035246;\"><b>Gest\u00e3o de incidentes.<\/b><\/span>\u00a0O envolvimento dos funcion\u00e1rios da Excelia em quest\u00f5es de seguran\u00e7a ajuda a detectar potenciais problemas que possam comprometer a confidencialidade, a integridade e a disponibilidade dos servi\u00e7os ou ativos que eles apoiam.<\/li><li><span style=\"color: #035246;\"><b>Continuidade dos neg\u00f3cios.<\/b><\/span>\u00a0Todos os meios implementados para a disponibilidade e continuidade do neg\u00f3cio est\u00e3o em conformidade com os requisitos das normas ISO certificadas na organiza\u00e7\u00e3o.<\/li><li><span style=\"color: #035246;\"><b>Propriedade intelectual.<\/b>\u00a0<\/span>Protegido pelo compromisso dos colaboradores da Excelia, em conformidade com as normas de confidencialidade da organiza\u00e7\u00e3o.<\/li><li>A viola\u00e7\u00e3o das Pol\u00edticas e Diretrizes de Seguran\u00e7a est\u00e1 sujeita a san\u00e7\u00f5es de acordo com os mecanismos previstos na legisla\u00e7\u00e3o vigente.<\/li><\/ul><p>Tanto a pol\u00edtica (SGSI01-SecurityPolicy) quanto as diretrizes (SGSI02-SecurityRegulations) s\u00e3o revisadas periodicamente para alinh\u00e1-las \u00e0s necessidades da organiza\u00e7\u00e3o.<\/p><p>O Comit\u00ea de Seguran\u00e7a reconhece a import\u00e2ncia dessas Pol\u00edticas e participa ativamente de sua revis\u00e3o.<\/p>\t\t\t\t\t\t\t\t<\/div>\n\t\t\t\t<\/div>\n\t\t\t\t<\/div>\n\t\t\t\t\t<\/div>\n\t\t\t\t<\/div>\n\t\t\t\t<\/div>","protected":false},"excerpt":{"rendered":"<p>Pol\u00edtica de Cookies Cookie es un fichero que se descarga en su ordenador al acceder a determinadas p\u00e1ginas web. Las cookies permiten a una p\u00e1gina web, entre otras cosas, almacenar y recuperar informaci\u00f3n sobre los h\u00e1bitos de navegaci\u00f3n de un usuario o de su equipo y, dependiendo de la informaci\u00f3n que contengan y de la&#8230;<\/p>","protected":false},"author":1,"featured_media":0,"parent":0,"menu_order":0,"comment_status":"closed","ping_status":"closed","template":"","meta":{"content-type":"","_monsterinsights_skip_tracking":false,"_monsterinsights_sitenote_active":false,"_monsterinsights_sitenote_note":"","_monsterinsights_sitenote_category":0,"footnotes":""},"class_list":["post-2034","page","type-page","status-publish","hentry"],"yoast_head":"<!-- This site is optimized with the Yoast SEO plugin v27.3 - https:\/\/yoast.com\/product\/yoast-seo-wordpress\/ -->\n<title>Pol\u00edtica de Cookies y Seguridad - Excelia BPS<\/title>\n<meta name=\"robots\" content=\"index, follow, max-snippet:-1, max-image-preview:large, max-video-preview:-1\" \/>\n<link rel=\"canonical\" href=\"https:\/\/exceliabps.es\/pt\/terms-conditions\/\" \/>\n<meta property=\"og:locale\" content=\"pt_PT\" \/>\n<meta property=\"og:type\" content=\"article\" \/>\n<meta property=\"og:title\" content=\"Pol\u00edtica de Cookies y Seguridad - Excelia BPS\" \/>\n<meta property=\"og:description\" content=\"Pol\u00edtica de Cookies Cookie es un fichero que se descarga en su ordenador al acceder a determinadas p\u00e1ginas web. Las cookies permiten a una p\u00e1gina web, entre otras cosas, almacenar y recuperar informaci\u00f3n sobre los h\u00e1bitos de navegaci\u00f3n de un usuario o de su equipo y, dependiendo de la informaci\u00f3n que contengan y de la...\" \/>\n<meta property=\"og:url\" content=\"https:\/\/exceliabps.es\/pt\/terms-conditions\/\" \/>\n<meta property=\"og:site_name\" content=\"Excelia BPS\" \/>\n<meta property=\"article:modified_time\" content=\"2026-02-16T16:35:14+00:00\" \/>\n<meta name=\"twitter:card\" content=\"summary_large_image\" \/>\n<meta name=\"twitter:label1\" content=\"Est. reading time\" \/>\n\t<meta name=\"twitter:data1\" content=\"6 minutos\" \/>\n<script type=\"application\/ld+json\" class=\"yoast-schema-graph\">{\"@context\":\"https:\\\/\\\/schema.org\",\"@graph\":[{\"@type\":\"WebPage\",\"@id\":\"https:\\\/\\\/exceliabps.es\\\/terms-conditions\\\/\",\"url\":\"https:\\\/\\\/exceliabps.es\\\/terms-conditions\\\/\",\"name\":\"Pol\u00edtica de Cookies y Seguridad - Excelia BPS\",\"isPartOf\":{\"@id\":\"https:\\\/\\\/exceliabps.es\\\/#website\"},\"datePublished\":\"2025-03-29T16:49:06+00:00\",\"dateModified\":\"2026-02-16T16:35:14+00:00\",\"breadcrumb\":{\"@id\":\"https:\\\/\\\/exceliabps.es\\\/terms-conditions\\\/#breadcrumb\"},\"inLanguage\":\"pt-PT\",\"potentialAction\":[{\"@type\":\"ReadAction\",\"target\":[\"https:\\\/\\\/exceliabps.es\\\/terms-conditions\\\/\"]}]},{\"@type\":\"BreadcrumbList\",\"@id\":\"https:\\\/\\\/exceliabps.es\\\/terms-conditions\\\/#breadcrumb\",\"itemListElement\":[{\"@type\":\"ListItem\",\"position\":1,\"name\":\"Portada\",\"item\":\"https:\\\/\\\/exceliabps.es\\\/\"},{\"@type\":\"ListItem\",\"position\":2,\"name\":\"Pol\u00edtica de Cookies y Seguridad\"}]},{\"@type\":\"WebSite\",\"@id\":\"https:\\\/\\\/exceliabps.es\\\/#website\",\"url\":\"https:\\\/\\\/exceliabps.es\\\/\",\"name\":\"Excelia BPS\",\"description\":\"Excelia BPS - Externalizaci&oacute;n de servicios financieros, laborales y jur&iacute;dicos\",\"publisher\":{\"@id\":\"https:\\\/\\\/exceliabps.es\\\/#organization\"},\"potentialAction\":[{\"@type\":\"SearchAction\",\"target\":{\"@type\":\"EntryPoint\",\"urlTemplate\":\"https:\\\/\\\/exceliabps.es\\\/?s={search_term_string}\"},\"query-input\":{\"@type\":\"PropertyValueSpecification\",\"valueRequired\":true,\"valueName\":\"search_term_string\"}}],\"inLanguage\":\"pt-PT\"},{\"@type\":\"Organization\",\"@id\":\"https:\\\/\\\/exceliabps.es\\\/#organization\",\"name\":\"Excelia BPS\",\"url\":\"https:\\\/\\\/exceliabps.es\\\/\",\"logo\":{\"@type\":\"ImageObject\",\"inLanguage\":\"pt-PT\",\"@id\":\"https:\\\/\\\/exceliabps.es\\\/#\\\/schema\\\/logo\\\/image\\\/\",\"url\":\"https:\\\/\\\/exceliabps.es\\\/wp-content\\\/uploads\\\/2025\\\/04\\\/Excelia_BPS_TRZ_blk_big.svg\",\"contentUrl\":\"https:\\\/\\\/exceliabps.es\\\/wp-content\\\/uploads\\\/2025\\\/04\\\/Excelia_BPS_TRZ_blk_big.svg\",\"width\":2351,\"height\":538,\"caption\":\"Excelia BPS\"},\"image\":{\"@id\":\"https:\\\/\\\/exceliabps.es\\\/#\\\/schema\\\/logo\\\/image\\\/\"}}]}<\/script>\n<!-- \/ Yoast SEO plugin. -->","yoast_head_json":{"title":"Pol\u00edtica de Cookies y Seguridad - Excelia BPS","robots":{"index":"index","follow":"follow","max-snippet":"max-snippet:-1","max-image-preview":"max-image-preview:large","max-video-preview":"max-video-preview:-1"},"canonical":"https:\/\/exceliabps.es\/pt\/terms-conditions\/","og_locale":"pt_PT","og_type":"article","og_title":"Pol\u00edtica de Cookies y Seguridad - Excelia BPS","og_description":"Pol\u00edtica de Cookies Cookie es un fichero que se descarga en su ordenador al acceder a determinadas p\u00e1ginas web. Las cookies permiten a una p\u00e1gina web, entre otras cosas, almacenar y recuperar informaci\u00f3n sobre los h\u00e1bitos de navegaci\u00f3n de un usuario o de su equipo y, dependiendo de la informaci\u00f3n que contengan y de la...","og_url":"https:\/\/exceliabps.es\/pt\/terms-conditions\/","og_site_name":"Excelia BPS","article_modified_time":"2026-02-16T16:35:14+00:00","twitter_card":"summary_large_image","twitter_misc":{"Est. reading time":"6 minutos"},"schema":{"@context":"https:\/\/schema.org","@graph":[{"@type":"WebPage","@id":"https:\/\/exceliabps.es\/terms-conditions\/","url":"https:\/\/exceliabps.es\/terms-conditions\/","name":"Pol\u00edtica de Cookies y Seguridad - Excelia BPS","isPartOf":{"@id":"https:\/\/exceliabps.es\/#website"},"datePublished":"2025-03-29T16:49:06+00:00","dateModified":"2026-02-16T16:35:14+00:00","breadcrumb":{"@id":"https:\/\/exceliabps.es\/terms-conditions\/#breadcrumb"},"inLanguage":"pt-PT","potentialAction":[{"@type":"ReadAction","target":["https:\/\/exceliabps.es\/terms-conditions\/"]}]},{"@type":"BreadcrumbList","@id":"https:\/\/exceliabps.es\/terms-conditions\/#breadcrumb","itemListElement":[{"@type":"ListItem","position":1,"name":"Portada","item":"https:\/\/exceliabps.es\/"},{"@type":"ListItem","position":2,"name":"Pol\u00edtica de Cookies y Seguridad"}]},{"@type":"WebSite","@id":"https:\/\/exceliabps.es\/#website","url":"https:\/\/exceliabps.es\/","name":"Excelia BPS","description":"Excelia BPS - Terceiriza\u00e7\u00e3o de servi\u00e7os financeiros, trabalhistas e jur\u00eddicos","publisher":{"@id":"https:\/\/exceliabps.es\/#organization"},"potentialAction":[{"@type":"SearchAction","target":{"@type":"EntryPoint","urlTemplate":"https:\/\/exceliabps.es\/?s={search_term_string}"},"query-input":{"@type":"PropertyValueSpecification","valueRequired":true,"valueName":"search_term_string"}}],"inLanguage":"pt-PT"},{"@type":"Organization","@id":"https:\/\/exceliabps.es\/#organization","name":"Excelia BPS","url":"https:\/\/exceliabps.es\/","logo":{"@type":"ImageObject","inLanguage":"pt-PT","@id":"https:\/\/exceliabps.es\/#\/schema\/logo\/image\/","url":"https:\/\/exceliabps.es\/wp-content\/uploads\/2025\/04\/Excelia_BPS_TRZ_blk_big.svg","contentUrl":"https:\/\/exceliabps.es\/wp-content\/uploads\/2025\/04\/Excelia_BPS_TRZ_blk_big.svg","width":2351,"height":538,"caption":"Excelia BPS"},"image":{"@id":"https:\/\/exceliabps.es\/#\/schema\/logo\/image\/"}}]}},"_links":{"self":[{"href":"https:\/\/exceliabps.es\/pt\/wp-json\/wp\/v2\/pages\/2034","targetHints":{"allow":["GET"]}}],"collection":[{"href":"https:\/\/exceliabps.es\/pt\/wp-json\/wp\/v2\/pages"}],"about":[{"href":"https:\/\/exceliabps.es\/pt\/wp-json\/wp\/v2\/types\/page"}],"author":[{"embeddable":true,"href":"https:\/\/exceliabps.es\/pt\/wp-json\/wp\/v2\/users\/1"}],"replies":[{"embeddable":true,"href":"https:\/\/exceliabps.es\/pt\/wp-json\/wp\/v2\/comments?post=2034"}],"version-history":[{"count":3,"href":"https:\/\/exceliabps.es\/pt\/wp-json\/wp\/v2\/pages\/2034\/revisions"}],"predecessor-version":[{"id":987988,"href":"https:\/\/exceliabps.es\/pt\/wp-json\/wp\/v2\/pages\/2034\/revisions\/987988"}],"wp:attachment":[{"href":"https:\/\/exceliabps.es\/pt\/wp-json\/wp\/v2\/media?parent=2034"}],"curies":[{"name":"wp","href":"https:\/\/api.w.org\/{rel}","templated":true}]}}