{"id":3,"date":"2025-03-19T21:50:32","date_gmt":"2025-03-19T21:50:32","guid":{"rendered":"https:\/\/execor.vamtam.com\/?page_id=3"},"modified":"2026-02-16T16:20:03","modified_gmt":"2026-02-16T16:20:03","slug":"privacy-policy","status":"publish","type":"page","link":"https:\/\/exceliabps.es\/pt\/privacy-policy\/","title":{"rendered":"pol\u00edtica de Privacidade"},"content":{"rendered":"<div data-elementor-type=\"wp-page\" data-elementor-id=\"3\" class=\"elementor elementor-3\" data-elementor-post-type=\"page\">\n\t\t\t\t<div class=\"elementor-element elementor-element-30c6cd5 e-flex e-con-boxed e-con e-parent\" data-id=\"30c6cd5\" data-element_type=\"container\" data-e-type=\"container\">\n\t\t\t\t\t<div class=\"e-con-inner\">\n\t\t<div class=\"elementor-element elementor-element-44f0fa2 e-con-full e-flex e-con e-child\" data-id=\"44f0fa2\" data-element_type=\"container\" data-e-type=\"container\">\n\t\t\t\t<div class=\"elementor-element elementor-element-da2627d elementor-widget elementor-widget-heading\" data-id=\"da2627d\" data-element_type=\"widget\" data-e-type=\"widget\" data-widget_type=\"heading.default\">\n\t\t\t\t<div class=\"elementor-widget-container\">\n\t\t\t\t\t<h3 class=\"elementor-heading-title elementor-size-default\">Aviso Legal informativo sobre la Pol\u00edtica de Privacidad de nuestra p\u00e1gina web.<\/h3>\t\t\t\t<\/div>\n\t\t\t\t<\/div>\n\t\t\t\t<div class=\"vamtam-has-theme-widget-styles elementor-element elementor-element-8d72be2 elementor-widget elementor-widget-text-editor\" data-id=\"8d72be2\" data-element_type=\"widget\" data-e-type=\"widget\" data-widget_type=\"text-editor.default\">\n\t\t\t\t<div class=\"elementor-widget-container\">\n\t\t\t\t\t\t\t\t\t<p>En cumplimiento de la Ley 34\/2002 de Servicios de la Sociedad de la Informaci\u00f3n y de Comercio Electr\u00f3nico de Espa\u00f1a, le informamos que esta p\u00e1gina Web es propiedad de excelia S.L., con domicilio en Paseo del Club Deportivo 1, Parque empresarial La Finca Edificio 11, Planta 1, Pozuelo de Alarc\u00f3n. Madrid con CIF B82479098 e inscrita en el Registro Mercantil de Madrid con los siguientes datos: Tomo 14.798, Folio 97, Hoja M-245959. Para cualquier consulta, nos puede contactar por e-mail: <a href=\"mailto:dpd@excelia.com\">dpd@excelia.com<\/a>, o en el tel\u00e9fono 917080550. El sitio web www.excelia.com, en adelante el Website, se rige por la normativa exclusivamente aplicable en Espa\u00f1a, quedando sometida a ella, tanto nacionales como extranjeros que utilicen este web.<\/p>\t\t\t\t\t\t\t\t<\/div>\n\t\t\t\t<\/div>\n\t\t\t\t<div class=\"elementor-element elementor-element-08b3a2b elementor-widget elementor-widget-heading\" data-id=\"08b3a2b\" data-element_type=\"widget\" data-e-type=\"widget\" data-widget_type=\"heading.default\">\n\t\t\t\t<div class=\"elementor-widget-container\">\n\t\t\t\t\t<h3 class=\"elementor-heading-title elementor-size-default\">Informaci\u00f3n b\u00e1sica sobre protecci\u00f3n de datos (Solicitud de Informaci\u00f3n)<\/h3>\t\t\t\t<\/div>\n\t\t\t\t<\/div>\n\t\t\t\t<div class=\"vamtam-has-theme-widget-styles elementor-element elementor-element-f109c8e elementor-widget elementor-widget-text-editor\" data-id=\"f109c8e\" data-element_type=\"widget\" data-e-type=\"widget\" data-widget_type=\"text-editor.default\">\n\t\t\t\t<div class=\"elementor-widget-container\">\n\t\t\t\t\t\t\t\t\t<ul><li><strong>Responsable:<\/strong>\u00a0excelia, S.L (en adelante, excelia).<\/li><li><strong>Finalidad:<\/strong>\u00a0Atender la solicitud de informaci\u00f3n, relaciones de \u00edndole comercial y mantenerle informado sobre iniciativas de su inter\u00e9s.<\/li><li><strong>Legitimaci\u00f3n:<\/strong>\u00a0Consentimiento del interesado.<\/li><li><strong>Plazo de Conservaci\u00f3n:<\/strong>\u00a0Los datos proporcionados ser\u00e1n conservados para comunicaciones comerciales hasta que el interesado ejerza su derecho a la supresi\u00f3n de los mismos. Los datos proporcionados para las relaciones comerciales y procesos de selecci\u00f3n, se conservar\u00e1n mientras se mantenga la relaci\u00f3n contractual o cuando el interesado expresamente solicite cancelaci\u00f3n, y durante los a\u00f1os necesarios para cumplir con las obligaciones legales, y cuyo plazo m\u00e1ximo ser\u00e1 de cinco a\u00f1os.<\/li><li><strong>Destinatarios:<\/strong>\u00a0Est\u00e1 prevista la cesi\u00f3n de datos de car\u00e1cter personal a empresas del Grupo excelia y terceros con lo que existan acuerdos legales para ello.<\/li><li><strong>Derechos:<\/strong>\u00a0Acceso, rectificaci\u00f3n, limitaci\u00f3n del tratamiento, supresi\u00f3n y a presentar reclamaciones ante las autoridades de control, as\u00ed como otros derechos, tal y como se explica en la informaci\u00f3n adicional sobre protecci\u00f3n de datos.<\/li><li><strong>Contacto:<\/strong>\u00a0Para el ejercicio de sus derechos o para aclarar cualquier duda, podr\u00e1 dirigir su petici\u00f3n a excelia, S.L., Paseo del Club Deportivo 1, Parque empresarial La Finca Edificio 11, Planta 1, Pozuelo de Alarc\u00f3n. Madrid, o al correo\u00a0<a href=\"mailto:dpd@excelia.com\"><span style=\"color: #035246;\">dpd@excelia.com<\/span><\/a>.<\/li><\/ul>\t\t\t\t\t\t\t\t<\/div>\n\t\t\t\t<\/div>\n\t\t\t\t<div class=\"elementor-element elementor-element-e08c843 elementor-widget elementor-widget-heading\" data-id=\"e08c843\" data-element_type=\"widget\" data-e-type=\"widget\" data-widget_type=\"heading.default\">\n\t\t\t\t<div class=\"elementor-widget-container\">\n\t\t\t\t\t<h3 class=\"elementor-heading-title elementor-size-default\">Informaci\u00f3n adicional sobre protecci\u00f3n de datos<\/h3>\t\t\t\t<\/div>\n\t\t\t\t<\/div>\n\t\t\t\t<div class=\"vamtam-has-theme-widget-styles elementor-element elementor-element-66cdd8e elementor-widget elementor-widget-text-editor\" data-id=\"66cdd8e\" data-element_type=\"widget\" data-e-type=\"widget\" data-widget_type=\"text-editor.default\">\n\t\t\t\t<div class=\"elementor-widget-container\">\n\t\t\t\t\t\t\t\t\t<p>De acuerdo con lo establecido por el Reglamento (UE) 2016\/679 del Parlamento Europeo y del Consejo, de 27 de abril de 2016, relativo a la protecci\u00f3n de las personas f\u00edsicas en lo que respecta al tratamiento de datos personales y a la libre circulaci\u00f3n de estos datos y por el que se deroga la Directiva 95\/46\/CE, le informamos de que sus datos personales ser\u00e1n tratados bajo la responsabilidad de excelia, S,.L, con la finalidad de poder mantenerle informado de todos los eventos y acciones que \u00e9sta organice as\u00ed como de las novedades de nuestro Grupo de empresas. Asimismo, le indicamos que est\u00e1 prevista la elaboraci\u00f3n de perfiles, a fin de conocer los productos o servicios que m\u00e1s le puedan encajar, as\u00ed como la mejor forma de comunic\u00e1rselos, seg\u00fan sus preferencias o h\u00e1bitos mostrados, y que sean ofrecidos por nuestra empresa o entidades vinculadas a la misma (*).<\/p><p>excelia, informa de que los tratamientos indicados se encuentran legitimados en el consentimiento de los interesados.<\/p><p>Del mismo modo, excelia le informa de que los datos personales ser\u00e1n conservados durante el periodo de tiempo establecido por la normativa aplicable en cada caso.<\/p><p>Usted consiente expresamente la comunicaci\u00f3n de sus datos personales por parte de excelia, a empresas del Grupo excelia, con finalidades propias de gesti\u00f3n, as\u00ed como para poder mantenerle informado de las actividades y proyectos que llevan a cabo. Le informamos de que est\u00e1 prevista la realizaci\u00f3n de transferencias internacionales de datos.<\/p><p>Asimismo, se informa de que puede contactar con el Delegado de Protecci\u00f3n de Datos de excelia, dirigiendo su petici\u00f3n por escrito a la direcci\u00f3n postal Paseo del Club Deportivo 1, Parque empresarial La Finca Edificio 11, Planta 1, Pozuelo de Alarc\u00f3n. Madrid o a la direcci\u00f3n de correo electr\u00f3nico<span style=\"color: #035246;\">\u00a0<a style=\"color: #035246;\" href=\"mailto:dpd@excelia.com\">dpd@excelia.com<\/a>.<\/span><\/p><p>De acuerdo con los derechos que le confiere la normativa vigente en protecci\u00f3n de datos podr\u00e1 dirigirse a la Autoridad de Control competente para presentar la reclamaci\u00f3n que considere oportuna, as\u00ed como tambi\u00e9n podr\u00e1 ejercer los derechos de acceso, rectificaci\u00f3n, limitaci\u00f3n de tratamiento, supresi\u00f3n, portabilidad y oposici\u00f3n al tratamiento de sus datos de car\u00e1cter personal as\u00ed como a la retirada del consentimiento prestado para el tratamiento de los mismos, dirigiendo su petici\u00f3n a excelia, Paseo del Club Deportivo 1, Parque empresarial La Finca Edificio 11, Planta 1, Pozuelo de Alarc\u00f3n, 28223, Madrid o a la direcci\u00f3n de correo electr\u00f3nico<span style=\"color: #035246;\">\u00a0<a style=\"color: #035246;\" href=\"mailto:dpd@excelia.com\">dpd@excelia.com<\/a>.<\/span><\/p>\t\t\t\t\t\t\t\t<\/div>\n\t\t\t\t<\/div>\n\t\t\t\t<\/div>\n\t\t\t\t\t<\/div>\n\t\t\t\t<\/div>\n\t\t\t\t<\/div>","protected":false},"excerpt":{"rendered":"<p>Aviso Legal informativo sobre la Pol\u00edtica de Privacidad de nuestra p\u00e1gina web. En cumplimiento de la Ley 34\/2002 de Servicios de la Sociedad de la Informaci\u00f3n y de Comercio Electr\u00f3nico de Espa\u00f1a, le informamos que esta p\u00e1gina Web es propiedad de excelia S.L., con domicilio en Paseo del Club Deportivo 1, Parque empresarial La Finca&#8230;<\/p>","protected":false},"author":1,"featured_media":0,"parent":0,"menu_order":0,"comment_status":"closed","ping_status":"closed","template":"","meta":{"content-type":"","_monsterinsights_skip_tracking":false,"_monsterinsights_sitenote_active":false,"_monsterinsights_sitenote_note":"","_monsterinsights_sitenote_category":0,"footnotes":""},"class_list":["post-3","page","type-page","status-publish","hentry"],"yoast_head":"<!-- This site is optimized with the Yoast SEO plugin v27.3 - https:\/\/yoast.com\/product\/yoast-seo-wordpress\/ -->\n<title>Pol\u00edtica de Privacidad - Excelia BPS<\/title>\n<meta name=\"robots\" content=\"index, follow, max-snippet:-1, max-image-preview:large, max-video-preview:-1\" \/>\n<link rel=\"canonical\" href=\"https:\/\/exceliabps.es\/pt\/privacy-policy\/\" \/>\n<meta property=\"og:locale\" content=\"pt_PT\" \/>\n<meta property=\"og:type\" content=\"article\" \/>\n<meta property=\"og:title\" content=\"Pol\u00edtica de Privacidad - Excelia BPS\" \/>\n<meta property=\"og:description\" content=\"Aviso Legal informativo sobre la Pol\u00edtica de Privacidad de nuestra p\u00e1gina web. En cumplimiento de la Ley 34\/2002 de Servicios de la Sociedad de la Informaci\u00f3n y de Comercio Electr\u00f3nico de Espa\u00f1a, le informamos que esta p\u00e1gina Web es propiedad de excelia S.L., con domicilio en Paseo del Club Deportivo 1, Parque empresarial La Finca...\" \/>\n<meta property=\"og:url\" content=\"https:\/\/exceliabps.es\/pt\/privacy-policy\/\" \/>\n<meta property=\"og:site_name\" content=\"Excelia BPS\" \/>\n<meta property=\"article:modified_time\" content=\"2026-02-16T16:20:03+00:00\" \/>\n<meta name=\"twitter:card\" content=\"summary_large_image\" \/>\n<meta name=\"twitter:label1\" content=\"Est. reading time\" \/>\n\t<meta name=\"twitter:data1\" content=\"4 minutos\" \/>\n<script type=\"application\/ld+json\" class=\"yoast-schema-graph\">{\"@context\":\"https:\\\/\\\/schema.org\",\"@graph\":[{\"@type\":\"WebPage\",\"@id\":\"https:\\\/\\\/exceliabps.es\\\/privacy-policy\\\/\",\"url\":\"https:\\\/\\\/exceliabps.es\\\/privacy-policy\\\/\",\"name\":\"Pol\u00edtica de Privacidad - Excelia BPS\",\"isPartOf\":{\"@id\":\"https:\\\/\\\/exceliabps.es\\\/#website\"},\"datePublished\":\"2025-03-19T21:50:32+00:00\",\"dateModified\":\"2026-02-16T16:20:03+00:00\",\"breadcrumb\":{\"@id\":\"https:\\\/\\\/exceliabps.es\\\/privacy-policy\\\/#breadcrumb\"},\"inLanguage\":\"pt-PT\",\"potentialAction\":[{\"@type\":\"ReadAction\",\"target\":[\"https:\\\/\\\/exceliabps.es\\\/privacy-policy\\\/\"]}]},{\"@type\":\"BreadcrumbList\",\"@id\":\"https:\\\/\\\/exceliabps.es\\\/privacy-policy\\\/#breadcrumb\",\"itemListElement\":[{\"@type\":\"ListItem\",\"position\":1,\"name\":\"Portada\",\"item\":\"https:\\\/\\\/exceliabps.es\\\/\"},{\"@type\":\"ListItem\",\"position\":2,\"name\":\"Pol\u00edtica de Privacidad\"}]},{\"@type\":\"WebSite\",\"@id\":\"https:\\\/\\\/exceliabps.es\\\/#website\",\"url\":\"https:\\\/\\\/exceliabps.es\\\/\",\"name\":\"Excelia BPS\",\"description\":\"Excelia BPS - Externalizaci&oacute;n de servicios financieros, laborales y jur&iacute;dicos\",\"publisher\":{\"@id\":\"https:\\\/\\\/exceliabps.es\\\/#organization\"},\"potentialAction\":[{\"@type\":\"SearchAction\",\"target\":{\"@type\":\"EntryPoint\",\"urlTemplate\":\"https:\\\/\\\/exceliabps.es\\\/?s={search_term_string}\"},\"query-input\":{\"@type\":\"PropertyValueSpecification\",\"valueRequired\":true,\"valueName\":\"search_term_string\"}}],\"inLanguage\":\"pt-PT\"},{\"@type\":\"Organization\",\"@id\":\"https:\\\/\\\/exceliabps.es\\\/#organization\",\"name\":\"Excelia BPS\",\"url\":\"https:\\\/\\\/exceliabps.es\\\/\",\"logo\":{\"@type\":\"ImageObject\",\"inLanguage\":\"pt-PT\",\"@id\":\"https:\\\/\\\/exceliabps.es\\\/#\\\/schema\\\/logo\\\/image\\\/\",\"url\":\"https:\\\/\\\/exceliabps.es\\\/wp-content\\\/uploads\\\/2025\\\/04\\\/Excelia_BPS_TRZ_blk_big.svg\",\"contentUrl\":\"https:\\\/\\\/exceliabps.es\\\/wp-content\\\/uploads\\\/2025\\\/04\\\/Excelia_BPS_TRZ_blk_big.svg\",\"width\":2351,\"height\":538,\"caption\":\"Excelia BPS\"},\"image\":{\"@id\":\"https:\\\/\\\/exceliabps.es\\\/#\\\/schema\\\/logo\\\/image\\\/\"}}]}<\/script>\n<!-- \/ Yoast SEO plugin. -->","yoast_head_json":{"title":"Pol\u00edtica de Privacidad - Excelia BPS","robots":{"index":"index","follow":"follow","max-snippet":"max-snippet:-1","max-image-preview":"max-image-preview:large","max-video-preview":"max-video-preview:-1"},"canonical":"https:\/\/exceliabps.es\/pt\/privacy-policy\/","og_locale":"pt_PT","og_type":"article","og_title":"Pol\u00edtica de Privacidad - Excelia BPS","og_description":"Aviso Legal informativo sobre la Pol\u00edtica de Privacidad de nuestra p\u00e1gina web. En cumplimiento de la Ley 34\/2002 de Servicios de la Sociedad de la Informaci\u00f3n y de Comercio Electr\u00f3nico de Espa\u00f1a, le informamos que esta p\u00e1gina Web es propiedad de excelia S.L., con domicilio en Paseo del Club Deportivo 1, Parque empresarial La Finca...","og_url":"https:\/\/exceliabps.es\/pt\/privacy-policy\/","og_site_name":"Excelia BPS","article_modified_time":"2026-02-16T16:20:03+00:00","twitter_card":"summary_large_image","twitter_misc":{"Est. reading time":"4 minutos"},"schema":{"@context":"https:\/\/schema.org","@graph":[{"@type":"WebPage","@id":"https:\/\/exceliabps.es\/privacy-policy\/","url":"https:\/\/exceliabps.es\/privacy-policy\/","name":"Pol\u00edtica de Privacidad - Excelia BPS","isPartOf":{"@id":"https:\/\/exceliabps.es\/#website"},"datePublished":"2025-03-19T21:50:32+00:00","dateModified":"2026-02-16T16:20:03+00:00","breadcrumb":{"@id":"https:\/\/exceliabps.es\/privacy-policy\/#breadcrumb"},"inLanguage":"pt-PT","potentialAction":[{"@type":"ReadAction","target":["https:\/\/exceliabps.es\/privacy-policy\/"]}]},{"@type":"BreadcrumbList","@id":"https:\/\/exceliabps.es\/privacy-policy\/#breadcrumb","itemListElement":[{"@type":"ListItem","position":1,"name":"Portada","item":"https:\/\/exceliabps.es\/"},{"@type":"ListItem","position":2,"name":"Pol\u00edtica de Privacidad"}]},{"@type":"WebSite","@id":"https:\/\/exceliabps.es\/#website","url":"https:\/\/exceliabps.es\/","name":"Excelia BPS","description":"Excelia BPS - Terceiriza\u00e7\u00e3o de servi\u00e7os financeiros, trabalhistas e jur\u00eddicos","publisher":{"@id":"https:\/\/exceliabps.es\/#organization"},"potentialAction":[{"@type":"SearchAction","target":{"@type":"EntryPoint","urlTemplate":"https:\/\/exceliabps.es\/?s={search_term_string}"},"query-input":{"@type":"PropertyValueSpecification","valueRequired":true,"valueName":"search_term_string"}}],"inLanguage":"pt-PT"},{"@type":"Organization","@id":"https:\/\/exceliabps.es\/#organization","name":"Excelia BPS","url":"https:\/\/exceliabps.es\/","logo":{"@type":"ImageObject","inLanguage":"pt-PT","@id":"https:\/\/exceliabps.es\/#\/schema\/logo\/image\/","url":"https:\/\/exceliabps.es\/wp-content\/uploads\/2025\/04\/Excelia_BPS_TRZ_blk_big.svg","contentUrl":"https:\/\/exceliabps.es\/wp-content\/uploads\/2025\/04\/Excelia_BPS_TRZ_blk_big.svg","width":2351,"height":538,"caption":"Excelia BPS"},"image":{"@id":"https:\/\/exceliabps.es\/#\/schema\/logo\/image\/"}}]}},"_links":{"self":[{"href":"https:\/\/exceliabps.es\/pt\/wp-json\/wp\/v2\/pages\/3","targetHints":{"allow":["GET"]}}],"collection":[{"href":"https:\/\/exceliabps.es\/pt\/wp-json\/wp\/v2\/pages"}],"about":[{"href":"https:\/\/exceliabps.es\/pt\/wp-json\/wp\/v2\/types\/page"}],"author":[{"embeddable":true,"href":"https:\/\/exceliabps.es\/pt\/wp-json\/wp\/v2\/users\/1"}],"replies":[{"embeddable":true,"href":"https:\/\/exceliabps.es\/pt\/wp-json\/wp\/v2\/comments?post=3"}],"version-history":[{"count":3,"href":"https:\/\/exceliabps.es\/pt\/wp-json\/wp\/v2\/pages\/3\/revisions"}],"predecessor-version":[{"id":987980,"href":"https:\/\/exceliabps.es\/pt\/wp-json\/wp\/v2\/pages\/3\/revisions\/987980"}],"wp:attachment":[{"href":"https:\/\/exceliabps.es\/pt\/wp-json\/wp\/v2\/media?parent=3"}],"curies":[{"name":"wp","href":"https:\/\/api.w.org\/{rel}","templated":true}]}}